{"id":574,"date":"2022-05-27T08:28:25","date_gmt":"2022-05-27T08:28:25","guid":{"rendered":"http:\/\/www.ngm.com\/?page_id=574"},"modified":"2023-07-24T12:40:50","modified_gmt":"2023-07-24T09:40:50","slug":"iletisim","status":"publish","type":"page","link":"https:\/\/ngmesthetician.com\/en\/iletisim\/","title":{"rendered":"Contact Us"},"content":{"rendered":"\t\t<div data-elementor-type=\"wp-page\" data-elementor-id=\"574\" class=\"elementor elementor-574\" data-elementor-settings=\"[]\">\n\t\t\t\t\t\t\t<div class=\"elementor-section-wrap\">\n\t\t\t\t\t\t\t<section data-particle_enable=\"false\" data-particle-mobile-disabled=\"false\" class=\"elementor-section elementor-top-section elementor-element elementor-element-37817a9 elementor-section-full_width elementor-section-height-min-height elementor-section-stretched elementor-section-height-default elementor-section-items-middle\" data-id=\"37817a9\" data-element_type=\"section\" data-settings=\"{&quot;stretch_section&quot;:&quot;section-stretched&quot;}\">\n\t\t\t\t\t\t<div class=\"elementor-container elementor-column-gap-no\">\n\t\t\t\t\t<div class=\"elementor-column elementor-col-100 elementor-top-column elementor-element elementor-element-7393d61\" data-id=\"7393d61\" data-element_type=\"column\">\n\t\t\t<div class=\"elementor-widget-wrap elementor-element-populated\">\n\t\t\t\t\t\t\t\t<div class=\"elementor-element elementor-element-a3387a4 elementor-widget elementor-widget-google_maps\" data-id=\"a3387a4\" data-element_type=\"widget\" data-widget_type=\"google_maps.default\">\n\t\t\t\t<div class=\"elementor-widget-container\">\n\t\t\t\t\t<div class=\"elementor-custom-embed\">\n\t\t\t<iframe frameborder=\"0\" scrolling=\"no\" marginheight=\"0\" marginwidth=\"0\" src=\"https:\/\/maps.google.com\/maps?q=bodrum&amp;t=m&amp;z=15&amp;output=embed&amp;iwloc=near\" title=\"%3$s\" aria-label=\"%3$s\"><\/iframe>\n\t\t<\/div>\n\t\t\t\t<\/div>\n\t\t\t\t<\/div>\n\t\t\t\t<div class=\"elementor-element elementor-element-7db6b5b elementor-widget elementor-widget-spacer\" data-id=\"7db6b5b\" data-element_type=\"widget\" data-widget_type=\"spacer.default\">\n\t\t\t\t<div class=\"elementor-widget-container\">\n\t\t\t\t\t<div class=\"elementor-spacer\">\n\t\t\t<div class=\"elementor-spacer-inner\"><\/div>\n\t\t<\/div>\n\t\t\t\t<\/div>\n\t\t\t\t<\/div>\n\t\t\t\t\t<\/div>\n\t\t<\/div>\n\t\t\t\t\t\t\t<\/div>\n\t\t<\/section>\n\t\t\t\t<section data-particle_enable=\"false\" data-particle-mobile-disabled=\"false\" class=\"elementor-section elementor-top-section elementor-element elementor-element-1d2a0f8 elementor-section-boxed elementor-section-height-default elementor-section-height-default\" data-id=\"1d2a0f8\" data-element_type=\"section\">\n\t\t\t\t\t\t<div class=\"elementor-container elementor-column-gap-wide\">\n\t\t\t\t\t<div class=\"elementor-column elementor-col-50 elementor-top-column elementor-element elementor-element-7e94a4b\" data-id=\"7e94a4b\" data-element_type=\"column\">\n\t\t\t<div class=\"elementor-widget-wrap elementor-element-populated\">\n\t\t\t\t\t\t\t\t<div class=\"elementor-element elementor-element-a08962e elementor-widget elementor-widget-html\" data-id=\"a08962e\" data-element_type=\"widget\" data-widget_type=\"html.default\">\n\t\t\t\t<div class=\"elementor-widget-container\">\n\t\t\t<h3>\u0130leti\u015fim<\/h3>\n<p>Kumbah\u00e7e Mahallesi \u0130skele Caddesi <br>No: 16\/A Bodrum Mu\u011fla<\/p>\n<h4><i class=\"icon-mobile\" style=\"\"><\/i> 0252 313 50 55<\/h4>\n<h4><i class=\"icon-mobile\" style=\"\"><\/i> 0530 748 90 20<\/h4>\n<h4><i class=\"icon-mail\" style=\"\"><\/i> ngm@ngmesthetician.com<\/h4>\t\t<\/div>\n\t\t\t\t<\/div>\n\t\t\t\t\t<\/div>\n\t\t<\/div>\n\t\t\t\t<div class=\"elementor-column elementor-col-50 elementor-top-column elementor-element elementor-element-cdc7bd5\" data-id=\"cdc7bd5\" data-element_type=\"column\">\n\t\t\t<div class=\"elementor-widget-wrap elementor-element-populated\">\n\t\t\t\t\t\t\t\t<div class=\"elementor-element elementor-element-d8edbd0 elementor-widget elementor-widget-image\" data-id=\"d8edbd0\" data-element_type=\"widget\" data-widget_type=\"image.default\">\n\t\t\t\t<div class=\"elementor-widget-container\">\n\t\t\t\t\t\t\t\t\t\t\t\t\t\t\t<img width=\"1000\" height=\"625\" src=\"https:\/\/ngmesthetician.com\/en\/wp-content\/uploads\/2022\/05\/misyon_n.jpg\" class=\"attachment-large size-large\" alt=\"\" loading=\"lazy\" srcset=\"https:\/\/ngmesthetician.com\/en\/wp-content\/uploads\/2022\/05\/misyon_n.jpg 1000w, https:\/\/ngmesthetician.com\/en\/wp-content\/uploads\/2022\/05\/misyon_n-300x188.jpg 300w, https:\/\/ngmesthetician.com\/en\/wp-content\/uploads\/2022\/05\/misyon_n-768x480.jpg 768w, https:\/\/ngmesthetician.com\/en\/wp-content\/uploads\/2022\/05\/misyon_n-234x146.jpg 234w, https:\/\/ngmesthetician.com\/en\/wp-content\/uploads\/2022\/05\/misyon_n-50x31.jpg 50w, https:\/\/ngmesthetician.com\/en\/wp-content\/uploads\/2022\/05\/misyon_n-120x75.jpg 120w\" sizes=\"(max-width: 1000px) 100vw, 1000px\" \/>\t\t\t\t\t\t\t\t\t\t\t\t\t\t\t<\/div>\n\t\t\t\t<\/div>\n\t\t\t\t\t<\/div>\n\t\t<\/div>\n\t\t\t\t\t\t\t<\/div>\n\t\t<\/section>\n\t\t\t\t<section data-particle_enable=\"false\" data-particle-mobile-disabled=\"false\" class=\"elementor-section elementor-top-section elementor-element elementor-element-761ac54 elementor-section-boxed elementor-section-height-default elementor-section-height-default\" data-id=\"761ac54\" data-element_type=\"section\">\n\t\t\t\t\t\t<div class=\"elementor-container elementor-column-gap-default\">\n\t\t\t\t\t<div class=\"elementor-column elementor-col-100 elementor-top-column elementor-element elementor-element-9f7ea7d\" data-id=\"9f7ea7d\" data-element_type=\"column\">\n\t\t\t<div class=\"elementor-widget-wrap elementor-element-populated\">\n\t\t\t\t\t\t\t\t<div class=\"elementor-element elementor-element-c5419e5 elementor-widget elementor-widget-spacer\" data-id=\"c5419e5\" data-element_type=\"widget\" data-widget_type=\"spacer.default\">\n\t\t\t\t<div class=\"elementor-widget-container\">\n\t\t\t\t\t<div class=\"elementor-spacer\">\n\t\t\t<div class=\"elementor-spacer-inner\"><\/div>\n\t\t<\/div>\n\t\t\t\t<\/div>\n\t\t\t\t<\/div>\n\t\t\t\t\t<\/div>\n\t\t<\/div>\n\t\t\t\t\t\t\t<\/div>\n\t\t<\/section>\n\t\t\t\t\t\t<\/div>\n\t\t\t\t\t<\/div>\n\t\t","protected":false},"excerpt":{"rendered":"<p>\u0130leti\u015fim Kumbah\u00e7e Mahallesi \u0130skele Caddesi No: 16\/A Bodrum Mu\u011fla 0252 313 50 55 0530 748 90 20 ngm@ngmesthetician.com<\/p>\n","protected":false},"author":1,"featured_media":0,"parent":0,"menu_order":0,"comment_status":"closed","ping_status":"closed","template":"","meta":[],"_links":{"self":[{"href":"https:\/\/ngmesthetician.com\/en\/wp-json\/wp\/v2\/pages\/574"}],"collection":[{"href":"https:\/\/ngmesthetician.com\/en\/wp-json\/wp\/v2\/pages"}],"about":[{"href":"https:\/\/ngmesthetician.com\/en\/wp-json\/wp\/v2\/types\/page"}],"author":[{"embeddable":true,"href":"https:\/\/ngmesthetician.com\/en\/wp-json\/wp\/v2\/users\/1"}],"replies":[{"embeddable":true,"href":"https:\/\/ngmesthetician.com\/en\/wp-json\/wp\/v2\/comments?post=574"}],"version-history":[{"count":4,"href":"https:\/\/ngmesthetician.com\/en\/wp-json\/wp\/v2\/pages\/574\/revisions"}],"predecessor-version":[{"id":1336,"href":"https:\/\/ngmesthetician.com\/en\/wp-json\/wp\/v2\/pages\/574\/revisions\/1336"}],"wp:attachment":[{"href":"https:\/\/ngmesthetician.com\/en\/wp-json\/wp\/v2\/media?parent=574"}],"curies":[{"name":"wp","href":"https:\/\/api.w.org\/{rel}","templated":true}]}}